{"id":19892,"date":"2020-03-02T23:33:27","date_gmt":"2020-03-02T23:33:27","guid":{"rendered":"https:\/\/alssawapyreal.com\/?page_id=19892"},"modified":"2025-02-23T10:16:07","modified_gmt":"2025-02-23T10:16:07","slug":"benutzerdefiniertes-anfrageformular","status":"publish","type":"page","link":"https:\/\/alssawapyreal.com\/de\/benutzerdefiniertes-anfrageformular\/","title":{"rendered":"Benutzerdefiniertes Anfrageformular"},"content":{"rendered":"\t\t<div data-elementor-type=\"wp-page\" data-elementor-id=\"19892\" class=\"elementor elementor-19892 elementor-17149\" data-elementor-post-type=\"page\">\n\t\t\t\t\t\t<section class=\"elementor-section elementor-top-section elementor-element elementor-element-5ec2734 elementor-section-boxed elementor-section-height-default elementor-section-height-default\" data-id=\"5ec2734\" data-element_type=\"section\">\n\t\t\t\t\t\t<div class=\"elementor-container elementor-column-gap-default\">\n\t\t\t\t\t<div class=\"elementor-column elementor-col-100 elementor-top-column elementor-element elementor-element-e1bd41f\" data-id=\"e1bd41f\" data-element_type=\"column\">\n\t\t\t<div class=\"elementor-widget-wrap elementor-element-populated\">\n\t\t\t\t\t\t<div class=\"elementor-element elementor-element-49cbafe elementor-widget elementor-widget-houzez_elementor_space\" data-id=\"49cbafe\" data-element_type=\"widget\" data-widget_type=\"houzez_elementor_space.default\">\n\t\t\t\t<div class=\"elementor-widget-container\">\n\t\t\t\t\t        <div class=\"houzez-spacer\">\n            <div class=\"houzez-spacer-inner\"><\/div>\n        <\/div>\n        \t\t\t\t<\/div>\n\t\t\t\t<\/div>\n\t\t\t\t<section class=\"elementor-section elementor-inner-section elementor-element elementor-element-6efd58c animated-slow elementor-section-boxed elementor-section-height-default elementor-section-height-default elementor-invisible\" data-id=\"6efd58c\" data-element_type=\"section\" data-settings=\"{&quot;background_background&quot;:&quot;classic&quot;,&quot;animation&quot;:&quot;fadeIn&quot;}\">\n\t\t\t\t\t\t<div class=\"elementor-container elementor-column-gap-no\">\n\t\t\t\t\t<div class=\"elementor-column elementor-col-100 elementor-inner-column elementor-element elementor-element-856004d\" data-id=\"856004d\" data-element_type=\"column\">\n\t\t\t<div class=\"elementor-widget-wrap elementor-element-populated\">\n\t\t\t\t\t\t<div class=\"elementor-element elementor-element-42f882c elementor-button-align-stretch elementor-widget elementor-widget-houzez_elementor_inquiry_form\" data-id=\"42f882c\" data-element_type=\"widget\" data-widget_type=\"houzez_elementor_inquiry_form.default\">\n\t\t\t\t<div class=\"elementor-widget-container\">\n\t\t\t\t\t\n        <script type=\"application\/javascript\">\n            jQuery(document).bind(\"ready\", function () {\n                houzezValidateElementor(\"#houzez-form-42f882c\" );\n            });\n        <\/script>\n\n\n        <form class=\"elementor-form houzez-ele-form-js\" id=\"houzez-form-42f882c\" method=\"post\" name=\"New Form\" action=\"https:\/\/alssawapyreal.com\/wp-admin\/admin-ajax.php\">\n            <input type=\"hidden\" name=\"form_id\" value=\"42f882c\"\/>\n            <input type=\"hidden\" name=\"action\" value=\"houzez_ele_inquiry_form\" \/>\n            <input type=\"hidden\" name=\"source_link\" value=\"https:\/\/alssawapyreal.com\/de\/benutzerdefiniertes-anfrageformular\/\" \/>\n            <input type=\"hidden\" name=\"lead_page_id\" value=\"19892\" \/>\n            <input type=\"hidden\" name=\"is_estimation\" value=\"yes\" \/>\n            <input type=\"hidden\" name=\"webhook\" value=\"false\" \/>\n            <input type=\"hidden\" name=\"webhook_url\" value=\"\" \/>\n            <input type=\"hidden\" name=\"redirect_to\" value=\"\" \/>\n            <input type=\"hidden\" name=\"google_recaptcha\" value=\"yes\" \/>\n\n            <div class=\"elementor-form-fields-wrapper elementor-labels-above\">\n\n                                    <div class=\"elementor-field-group elementor-column form-group elementor-field-group-ba6c34c elementor-col-100 elementor-field-required\">\n                    <label for=\"form-field-ba6c34c\" class=\"form-label elementor-field-label\">Anfragetyp<\/label>        <div class=\"elementor-field elementor-select-wrapper\">\n            <select name=\"enquiry_type\" id=\"form-field-ba6c34c\" class=\"elementor-field-textual form-control elementor-size-md\" required=\"required\" title=\"* Anfragetyp\">\n                <option value=\"Purchase\">Purchase<\/value><option value=\"Rent\"> Rent<\/value><option value=\"Sell\"> Sell<\/value><option value=\"Miss\"> Miss<\/value><option value=\"Evaluation\"> Evaluation<\/value><option value=\"Mortgage\"> Mortgage<\/value>            <\/select>\n        <\/div>\n                            <\/div>\n\n                                        <div class=\"elementor-field-group elementor-column form-group elementor-field-group-b7fe77d elementor-col-100 elementor-field-required\">\n                    <label for=\"form-field-b7fe77d\" class=\"form-label elementor-field-label\">Informationen<\/label>        <div class=\"elementor-field elementor-select-wrapper\">\n            <select name=\"user_type\" id=\"form-field-b7fe77d\" class=\"elementor-field-textual form-control elementor-size-md\" required=\"required\" title=\"* Informationen\">\n                <option value=\"Ich bin ein Immobilienmakler\">Ich bin ein Immobilienmakler<\/option><option value=\"Ich bin ein Immobilienbesitzer\">Ich bin ein Immobilienbesitzer<\/option>            <\/select>\n        <\/div>\n                            <\/div>\n\n                                        <div class=\"elementor-field-group elementor-column form-group elementor-field-group-cc6b92f elementor-col-50 elementor-field-required\">\n                    <input type=\"text\" name=\"first_name\" id=\"form-field-cc6b92f\" class=\"elementor-field form-control elementor-size-md elementor-field-textual\" placeholder=\"Vorname\" title=\"* Vorname\" required=\"required\">                    <\/div>\n\n                                        <div class=\"elementor-field-group elementor-column form-group elementor-field-group-3cc124e elementor-col-50\">\n                    <input type=\"text\" name=\"last_name\" id=\"form-field-3cc124e\" class=\"elementor-field form-control elementor-size-md elementor-field-textual\" placeholder=\"Nachname\" title=\"* Nachname\">                    <\/div>\n\n                                        <div class=\"elementor-field-group elementor-column form-group elementor-field-group-932d82c elementor-col-50 elementor-field-required\">\n                    <input type=\"email\" name=\"email\" id=\"form-field-932d82c\" class=\"elementor-field form-control elementor-size-md elementor-field-textual\" placeholder=\"Email\" title=\"* Email\" required=\"required\">                    <\/div>\n\n                                        <div class=\"elementor-field-group elementor-column form-group elementor-field-group-304b68f elementor-col-50 elementor-field-required\">\n                    <input type=\"text\" name=\"mobile\" id=\"form-field-304b68f\" class=\"elementor-field form-control elementor-size-md elementor-field-textual\" placeholder=\"Mobiltelefon\" title=\"* Mobiltelefon\" required=\"required\">                    <\/div>\n\n                                        <div class=\"elementor-field-group elementor-column form-group elementor-field-group-bf1d035 elementor-col-33 elementor-field-required\">\n                    <label for=\"form-field-bf1d035\" class=\"form-label elementor-field-label\">Standort<\/label>        <div class=\"elementor-field elementor-select-wrapper\">\n            <select name=\"e_meta[city]\" id=\"form-field-bf1d035\" class=\"elementor-field-textual form-control elementor-size-md\" required=\"required\" title=\"* Standort\">\n                <option value=\"\">W\u00e4hlen Sie eine Stadt<\/option><option data-ref=\"amsterdam-de\" data-belong=\"\" value=\"amsterdam-de\"> Amsterdam<\/option><option data-ref=\"athen\" data-belong=\"\" value=\"athen\"> Athen<\/option><option data-ref=\"berlin-de\" data-belong=\"\" value=\"berlin-de\"> Berlin<\/option><option data-ref=\"hamburg-de\" data-belong=\"\" value=\"hamburg-de\"> Hamburg<\/option><option data-ref=\"london-de\" data-belong=\"\" value=\"london-de\"> London<\/option><option data-ref=\"muenchen\" data-belong=\"\" value=\"muenchen\"> M\u00fcnchen<\/option><option data-ref=\"paris-de\" data-belong=\"\" value=\"paris-de\"> Paris<\/option><option data-ref=\"wien\" data-belong=\"\" value=\"wien\"> Wien<\/option><option data-ref=\"zurich-de\" data-belong=\"\" value=\"zurich-de\"> Zurich<\/option>            <\/select>\n        <\/div>\n                            <\/div>\n\n                                        <div class=\"elementor-field-group elementor-column form-group elementor-field-group-d2cd125 elementor-col-33 elementor-field-required\">\n                    <label for=\"form-field-d2cd125\" class=\"form-label elementor-field-label\">&nbsp;<\/label>        <div class=\"elementor-field elementor-select-wrapper\">\n            <select name=\"e_meta[area]\" id=\"form-field-d2cd125\" class=\"elementor-field-textual form-control elementor-size-md\" required=\"required\" title=\"* Region ausw\u00e4hlen\">\n                <option value=\"\">Region ausw\u00e4hlen<\/option>            <\/select>\n        <\/div>\n                            <\/div>\n\n                                        <div class=\"elementor-field-group elementor-column form-group elementor-field-group-9ed83fe elementor-col-33 elementor-field-required\">\n                    <label for=\"form-field-9ed83fe\" class=\"form-label elementor-field-label\">&nbsp;<\/label>        <div class=\"elementor-field elementor-select-wrapper\">\n            <select name=\"e_meta[state]\" id=\"form-field-9ed83fe\" class=\"elementor-field-textual form-control elementor-size-md\" required=\"required\" title=\"* W\u00e4hlen Sie einen Bundesstaat\">\n                <option value=\"\">W\u00e4hlen Sie einen Bundesstaat<\/option><option data-ref=\"danemark\" data-belong=\"\" value=\"danemark\"> D\u00e4nemark<\/option><option data-ref=\"deutschland\" data-belong=\"\" value=\"deutschland\"> Deutschland<\/option><option data-ref=\"england-de\" data-belong=\"\" value=\"england-de\"> England<\/option><option data-ref=\"frankreich\" data-belong=\"\" value=\"frankreich\"> Frankreich<\/option><option data-ref=\"griechenland\" data-belong=\"\" value=\"griechenland\"> Griechenland<\/option><option data-ref=\"niederlande\" data-belong=\"\" value=\"niederlande\"> Niederlande<\/option><option data-ref=\"osterreich\" data-belong=\"\" value=\"osterreich\"> \u00d6sterreich<\/option><option data-ref=\"schweiz\" data-belong=\"\" value=\"schweiz\"> Schweiz<\/option>            <\/select>\n        <\/div>\n                            <\/div>\n\n                                        <div class=\"elementor-field-group elementor-column form-group elementor-field-group-28a8adb elementor-col-50 elementor-field-required\">\n                            <div class=\"elementor-field elementor-select-wrapper\">\n            <select name=\"e_meta[country]\" id=\"form-field-28a8adb\" class=\"elementor-field-textual form-control elementor-size-md\" required=\"required\" title=\"* Land ausw\u00e4hlen\">\n                <option value=\"\">Land ausw\u00e4hlen<\/option><option data-ref=\"deutschland\" value=\"deutschland\"> Deutschland<\/option><option data-ref=\"england-de\" value=\"england-de\"> England<\/option><option data-ref=\"frankreich\" value=\"frankreich\"> Frankreich<\/option><option data-ref=\"griechenland\" value=\"griechenland\"> Griechenland<\/option><option data-ref=\"niederlande\" value=\"niederlande\"> Niederlande<\/option><option data-ref=\"osterreich\" value=\"osterreich\"> \u00d6sterreich<\/option><option data-ref=\"schweden\" value=\"schweden\"> Schweden<\/option><option data-ref=\"schweiz\" value=\"schweiz\"> Schweiz<\/option>            <\/select>\n        <\/div>\n                            <\/div>\n\n                                        <div class=\"elementor-field-group elementor-column form-group elementor-field-group-f0ee6fc elementor-col-50 elementor-field-required\">\n                    <input type=\"text\" name=\"e_meta[zipcode]\" id=\"form-field-f0ee6fc\" class=\"elementor-field form-control elementor-size-md elementor-field-textual\" placeholder=\"Postleitzahl\" title=\"* Postleitzahl\" required=\"required\">                    <\/div>\n\n                                        <div class=\"elementor-field-group elementor-column form-group elementor-field-group-3180222 elementor-col-100 elementor-field-required\">\n                    <label for=\"form-field-3180222\" class=\"form-label elementor-field-label\">Immobilientyp<\/label>        <div class=\"elementor-field elementor-select-wrapper\">\n            <select name=\"e_meta[property_type]\" id=\"form-field-3180222\" class=\"elementor-field-textual form-control elementor-size-md\" required=\"required\" title=\"* Immobilientyp\">\n                <option value=\"\">Kategorie ausw\u00e4hlen<\/option><option value=\"apartment-de\"> Apartment<\/option><option value=\"buero\"> B\u00fcro<\/option><option value=\"einfamilienhaus\"> Einfamilienhaus<\/option><option value=\"geschaeft\"> Gesch\u00e4ft<\/option><option value=\"gewerblich\"> Gewerblich<\/option><option value=\"studio-de\"> Studio<\/option><option value=\"villa-de\"> Villa<\/option><option value=\"wohnimmobilie\"> Wohnimmobilie<\/option>            <\/select>\n        <\/div>\n                            <\/div>\n\n                                        <div class=\"elementor-field-group elementor-column form-group elementor-field-group-c549d17 elementor-col-50 elementor-field-required\">\n                    <input type=\"number\" name=\"e_meta[price]\" id=\"form-field-c549d17\" class=\"elementor-field form-control elementor-size-md elementor-field-textual\" placeholder=\"Maximaler Preis\" title=\"* Maximaler Preis\" required=\"required\" min=\"0\">                    <\/div>\n\n                                        <div class=\"elementor-field-group elementor-column form-group elementor-field-group-e08cbcb elementor-col-50 elementor-field-required\">\n                    <input type=\"number\" name=\"e_meta[area-size]\" id=\"form-field-e08cbcb\" class=\"elementor-field form-control elementor-size-md elementor-field-textual\" placeholder=\"Mindestgr\u00f6\u00dfe (Quadratfu\u00df)\" title=\"* Mindestgr\u00f6\u00dfe (Quadratfu\u00df)\" required=\"required\" min=\"0\">                    <\/div>\n\n                                        <div class=\"elementor-field-group elementor-column form-group elementor-field-group-66cc0de elementor-col-50 elementor-field-required\">\n                    <input type=\"number\" name=\"e_meta[beds]\" id=\"form-field-66cc0de\" class=\"elementor-field form-control elementor-size-md elementor-field-textual\" placeholder=\"Anzahl der Betten\" title=\"* Anzahl der Betten\" required=\"required\" min=\"0\">                    <\/div>\n\n                                        <div class=\"elementor-field-group elementor-column form-group elementor-field-group-dea086f elementor-col-50 elementor-field-required\">\n                    <input type=\"number\" name=\"e_meta[baths]\" id=\"form-field-dea086f\" class=\"elementor-field form-control elementor-size-md elementor-field-textual\" placeholder=\"Anzahl der Badezimmer\" title=\"* Anzahl der Badezimmer\" required=\"required\" min=\"0\">                    <\/div>\n\n                                        <div class=\"elementor-field-group elementor-column form-group elementor-field-group-95c61a9 elementor-col-100\">\n                    <label for=\"form-field-95c61a9\" class=\"form-label elementor-field-label\">Nachricht<\/label><textarea class=\"elementor-field-textual elementor-field elementor-size-md\" name=\"message\" id=\"form-field-95c61a9\" rows=\"4\"><\/textarea>                    <\/div>\n\n                    \n                    \n                                        <div class=\"form-group elementor-field-group elementor-col-100\">\n                        <label class=\"control control--checkbox m-0 \">\n                                                        <input required type=\"checkbox\" name=\"gdpr_agreement\" id=\"gdpr_agreement\" aria-required=\"true\">\n                            <span class=\"control__indicator\"><\/span>\n                                                        <div class=\"gdpr-text-wrap\">\n                            Ich stimme der Speicherung meiner angegebenen Informationen auf dieser Website zu.                            <\/div>\n                            \n                        <\/label>\n                    <\/div><!-- form-group -->\n                    \n                    \n                                        <div class=\"\">\n                        <div class=\"form-group captcha_wrapper houzez-grecaptcha-v3\">\n    <div class=\"houzez_google_reCaptcha\"><\/div>\n<\/div>\n                    <\/div>\n                    \n                    <div class=\"elementor-field-group elementor-column elementor-field-type-submit elementor-col-100\">\n                    <button type=\"submit\" class=\"houzez-submit-button houzez-contact-form-js elementor-button elementor-size-md\">\n                        <i class=\"houzez-loader-js houzez-hidden spinner-border spinner-border-sm\"><\/i>\n                                                    Formular senden                                            <\/button>\n                <\/div>\n            <\/div><!-- End wrapper-->\n            <br\/>\n            <div class=\"ele-form-messages\"><\/div>\n            <div class=\"error-container\"><\/div>\n\n        <\/form>\n\n    \t\t\t\t<\/div>\n\t\t\t\t<\/div>\n\t\t\t\t\t<\/div>\n\t\t<\/div>\n\t\t\t\t\t<\/div>\n\t\t<\/section>\n\t\t\t\t<div class=\"elementor-element elementor-element-eb5dd10 elementor-widget elementor-widget-spacer\" data-id=\"eb5dd10\" data-element_type=\"widget\" data-widget_type=\"spacer.default\">\n\t\t\t\t<div class=\"elementor-widget-container\">\n\t\t\t\t\t\t\t<div class=\"elementor-spacer\">\n\t\t\t<div class=\"elementor-spacer-inner\"><\/div>\n\t\t<\/div>\n\t\t\t\t\t\t<\/div>\n\t\t\t\t<\/div>\n\t\t\t\t\t<\/div>\n\t\t<\/div>\n\t\t\t\t\t<\/div>\n\t\t<\/section>\n\t\t\t\t<\/div>\n\t\t","protected":false},"excerpt":{"rendered":"<p>Anfragetyp \u0627\u0644\u0634\u0631\u0627\u0621 \u060c \u0627\u0644\u0625\u064a\u062c\u0627\u0631 \u060c \u0627\u0644\u0628\u064a\u0639 \u060c Miss\u060c \u0627\u0644\u062a\u0642\u064a\u064a\u0645 \u060c \u0627\u0644\u0631\u0647\u0646 \u0627\u0644\u0639\u0642\u0627\u0631\u064a Informationen Ich bin ein ImmobilienmaklerIch bin ein Immobilienbesitzer Standort W\u00e4hlen Sie eine Stadt \u0627\u062b\u064a\u0646\u0627 \u0627\u0645\u0633\u062a\u0631\u062f\u0627\u0645 \u0628\u0627\u0631\u064a\u0633 \u0628\u0631\u0644\u064a\u0646 \u0632\u064a\u0648\u0631\u062e \u0641\u064a\u064a\u0646\u0627 \u0644\u0646\u062f\u0646 \u0645\u064a\u0648\u0646\u062e \u0647\u0627\u0645\u0628\u0648\u0631\u062c &nbsp; Region ausw\u00e4hlen &nbsp; W\u00e4hlen Sie einen Bundesstaat \u0627\u0644\u062f\u0646\u0645\u0631\u0643 \u0627\u0644\u0645\u0627\u0646\u064a\u0627 \u0627\u0644\u0646\u0645\u0633\u0627 \u0627\u0644\u064a\u0648\u0646\u0627\u0646 \u0627\u0646\u062c\u0644\u062a\u0631\u0627 \u0633\u0648\u064a\u0633\u0631\u0627 \u0641\u0631\u0646\u0633\u0627 \u0647\u0648\u0644\u0646\u062f\u0627 Land ausw\u00e4hlen \u0627\u0644\u0633\u0648\u064a\u062f \u0627\u0644\u0645\u0627\u0646\u064a\u0627 \u0627\u0644\u0646\u0645\u0633\u0627 [&hellip;]<\/p>\n","protected":false},"author":4,"featured_media":0,"parent":0,"menu_order":0,"comment_status":"closed","ping_status":"closed","template":"template\/template-homepage.php","meta":{"footnotes":""},"class_list":["post-19892","page","type-page","status-publish","hentry"],"_links":{"self":[{"href":"https:\/\/alssawapyreal.com\/de\/wp-json\/wp\/v2\/pages\/19892","targetHints":{"allow":["GET"]}}],"collection":[{"href":"https:\/\/alssawapyreal.com\/de\/wp-json\/wp\/v2\/pages"}],"about":[{"href":"https:\/\/alssawapyreal.com\/de\/wp-json\/wp\/v2\/types\/page"}],"author":[{"embeddable":true,"href":"https:\/\/alssawapyreal.com\/de\/wp-json\/wp\/v2\/users\/4"}],"replies":[{"embeddable":true,"href":"https:\/\/alssawapyreal.com\/de\/wp-json\/wp\/v2\/comments?post=19892"}],"version-history":[{"count":49,"href":"https:\/\/alssawapyreal.com\/de\/wp-json\/wp\/v2\/pages\/19892\/revisions"}],"predecessor-version":[{"id":20611,"href":"https:\/\/alssawapyreal.com\/de\/wp-json\/wp\/v2\/pages\/19892\/revisions\/20611"}],"wp:attachment":[{"href":"https:\/\/alssawapyreal.com\/de\/wp-json\/wp\/v2\/media?parent=19892"}],"curies":[{"name":"wp","href":"https:\/\/api.w.org\/{rel}","templated":true}]}}